{"id":807,"date":"2016-02-09T22:24:22","date_gmt":"2016-02-09T21:24:22","guid":{"rendered":"http:\/\/www.lages.eu\/?page_id=807"},"modified":"2025-03-17T11:05:34","modified_gmt":"2025-03-17T10:05:34","slug":"pubblicazioni","status":"publish","type":"page","link":"https:\/\/www.lages.eu\/en\/pubblicazioni\/","title":{"rendered":"Publications"},"content":{"rendered":"<p><strong>\u00a0Books<\/strong><\/p>\n<ul>\n<li><a href=\"https:\/\/link.springer.com\/book\/10.1007\/978-3-031-54816-1\">Loda M., Abenante P., Cultural Heritage and Development in Fragile Contexts Learning from the Interventions of International Cooperation in Afghanistan and Neighboring Countries, Berlin, Springer, 2024<\/a><\/li>\n<li><a href=\"http:\/\/www.lages.eu\/wp-content\/uploads\/2022\/11\/Firenze_CentroStorico.pdf\">Loda M., Puttilli M., Tartaglia M., Il centro storico di Firenze nel dopo Covid 19, Quaderni di geografia sociale, 1, Laboratorio di Geografia Sociale \u2013 LaGeS, Universit\u00e0 di Firenze, Firenze, 2022.<\/a><\/li>\n<li><a href=\"https:\/\/www.routledge.com\/Governance-of-Risk-Hazards-and-Disasters-Trends-in-theory-and-Practice\/Forino-Bonati-Calandra\/p\/book\/9781138206823\">Forino G., Bonati S., Calandra L. , \u201cGovernance of risk, hazards and disasters: trends in theory and practice\u201d, Routledge, 2018<\/a><\/li>\n<li>Puttilli M., \u2018Geografia delle fonti rinnovabili. Energia e territorio per un\u2019eco-ristrutturazione della societ\u00e0\u2019, Milano, Franco Angeli, 2014.<\/li>\n<li>Puttilli M., Giorda C. (a cura di), \u2018Educare al territorio, educare il territorio. Geografia per la formazione\u2019, Roma, Carocci, 2011.<\/li>\n<li>Mecca M., \u201c<em>Abitare il centro storico. Negoziazioni, conflitti ed esperimenti in una via fiorentina<\/em>\u201c, Pisa, Pacini, 2013.<\/li>\n<li>Aru S., \u201c<em>Territori e lingue in diaspora. Italiani a Vancouver<\/em>\u201c, Pisa, Pacini, 2011.<\/li>\n<li>Loda M., Hinz M. (a cura di), \u201c<a href=\"http:\/\/www.pacinieditore.it\/?p=3802\"><em>Lo spazio pubblico urbano. Teorie, progetti e pratiche in un confronto internazionale<\/em><\/a>\u201c, Pisa, Pacini, 2011. (Indice)<\/li>\n<li>Loda M., Clemente P. (a cura), \u201c<em>Migrare a Firenze<\/em>\u201c, Firenze, Comune di Firenze, 2003.<strong>\u00a0<\/strong><\/li>\n<\/ul>\n<p><strong>\u00a0Edited book chapters<\/strong><\/p>\n<ul>\n<li>Loda M. (2023).\u00a0What Cultural Landscape for Bamiyan (Afghanistan)? Observations on the UNESCO site protection practices. In: Pettenati G., Landscape as heritage, Routledge, pp-230-243.<\/li>\n<li>Loda M. (2022).\u00a0Afghanistan Storia di una sconfitta. La diaspora della classe dirigente e il ruolo della cooperazione universitaria. In:\u00a0<em>MigraREport 2022, pp. 2011-2021.\u00a0<\/em><\/li>\n<li>Loda M. (2021).\u00a0Heritage tourism in the aftermath of the Covid pandemic. In:\u00a0Marzo M., Ferrario V., Bertini V. (Eds), Between sense of time and sense of place. Designing heritage tourism, pp. 64-71.<\/li>\n<li>LodaM., Puttilli M. (2022). <a href=\"https:\/\/www.age-geografia.es\/site\/publicaciones\/pg\/2022\/lc.pdf\">Ripensare i centri storici. Prospettive di ricerca a partire dall\u2019esperienza dell\u2019Urban Innovation Lab a Firenze.<\/a> In: Juan M. Trillo Santamar\u00eda, Lucrezia Lopez Rub\u00e9n, C. Lois Gonz\u00e1lez. Geografia social. Permanencias, cambios y escenarios futuros, pp. 97-109 Asociaci\u00f3n Espa\u00f1ola de Geograf\u00eda, ISBN:978-84-124962-0-8.<\/li>\n<li>Tartaglia M., Loda M. \u2018L\u2019evoluzione della domanda\u2019, \u00a0in Bacci A., Frangioni A., Stammer J. (Eds.)\u00a0<em>Il nuovo tram di Firenze. La linea 1<\/em>, pp. 117-123, Maschietto Editore, 2016.<\/li>\n<li>Loda M. (2015), \u201cConsumo e paesaggi urbani in trasformazione\u201d, in D\u2019ALESSANDRO L. (ed.),\u00a0<em>City, Retail and Consumption<\/em>, Napoli, Universit\u00e0 degli Studi di Napoli \u201cL\u2019Orientale\u201d, pp. 331-338.<\/li>\n<li>Loda M. (2015), \u201cFlorence Historical Markets\u201d, in DELPONTE I. (ed.),\u00a0<em>Historical City Markets: A Set of Guidelines<\/em>, Milano, Franco Angeli, 94-126<\/li>\n<li>Cariani D., \u201c\u2019<em>Piazze di fatto\u2019 all\u2019Isolotto (Firenze)<\/em>\u201d, in Loda M. (a cura di) Lo spazio pubblico urbano. Teorie, progetti e pratiche in un confronto internazionale, Pisa, Pacini, 2011, pp. 105- 117.<\/li>\n<li>Loda M., Aru S., Barsotelli M., Sbardella S., \u201c<em>Dehors, spazio pubblico e citt\u00e0<\/em>\u201d, in Loda M. (a cura di), Lo spazio pubblico urbano. Teorie, progetti e pratiche in un confronto internazionale,\u00a0Pisa, Pacini, 2011, pp. 83- 103.<\/li>\n<\/ul>\n<p><strong>\u00a0Scientific journal articols<\/strong><\/p>\n<ul>\n<li>Bourlessas P., Loda M., Puttilli M. (2022). Cibo e trasformazioni urbane. Varianti di foodification. RIVISTA GEOGRAFICA ITALIANA, 4, 5-12.<\/li>\n<li>LodaM., Bonati S., Puttilli,<a href=\"http:\/\/www.lages.eu\/wp-content\/uploads\/2025\/03\/\u201cHistory-to-eat.-The-foodification-of-the-historic-centre-of-Florence\u201d-.-CITIES-ISSN0264-2751-vol.-103-2020-pp.1-11.pdf\">\u00a0\u201cHistory to eat. The foodification of the historic centre of Florence\u201d . CITIES &#8211; ISSN:0264-2751, vol. 103, 2020, pp.1-11<\/a><\/li>\n<li>Puttilli M., Bonati S., Portinaro L., <a href=\"https:\/\/flore.unifi.it\/handle\/2158\/1194969\">Urban meatification. Esplorazioni visuali tra tutela e consumo del patrimonio culturale nel centro storico di Firenze<\/a>. GEOTEMA, vol. 62, pp. 61-71, ISSN:1126-7798<\/li>\n<li>Puttilli M.\u00a0(2020). <a href=\"https:\/\/link.springer.com\/article\/10.1007\/s10708-020-10263-8\">Everyday geographies in the changing city: subjective photo-routes in Mandalay, Myanmar<\/a>. GEOJOURNAL, pp. 1-20, ISSN:0343-2521<\/li>\n<li>Loda M., Tartaglia M., Dall\u2019informazione alla conoscenza. La geografia umana nell\u2019era della proliferazione dei dati,\u00a0<em>Bollettino della Societ\u00e0 Geografica Italiana<\/em>Roma, Serie XIII (2016), vol. IX, pp. 329-345<\/li>\n<li>Lo Presti C., Arte e Spazio pubblico. Il caso delle poesie di strada a Firenze,\u00a0<em>Rivista Geografica Italiana<\/em>124, 2016, pp. 401-416<\/li>\n<li>Tartaglia M., Gualtieri G., Toscano P., Crisci A., Di Lonardo S., Vagnoli C., \u00a0Zaldei A., Gioli B. \u00a0\u2018Influence of road traffic, residential heating and meteorological conditions on PM10 concentrations during air pollution critical episodes\u2019, Environmental\u00a0 Science and Pollution Research, Vol. 22, No 23, pp. 19027-19038, 2015.<\/li>\n<li><a href=\"http:\/\/www.lages.eu\/wp-content\/uploads\/2017\/11\/LNC-9s04-2015p.pdf\">Hinz M., Loda M, \u201cHerat\u201d,\u00a0La Nuova Citt\u00e0\u00a0IX serie, 2015, n. 4, pp. 20-23<\/a><\/li>\n<li>Tartaglia M., Gualtieri G., Crisci A., Toscano P., Gioli B. \u2018A statistical model to assess air quality levels at urban sites\u2019, Water, Air, &amp; Soil Pollution, Vol. 226, No 12, pp. 226-394, Springer, 2015.<\/li>\n<li>Tartaglia M. \u2018Il sistema dei trasporti nella pianificazione strategica di Herat (Afghanistan)\u2019, Geotema, No. 48, pp. 137-145, P\u0430tron Editore, 2015.<\/li>\n<li>Puttilli M., Dansero E. \u2018Multiple territorialities of Alternative Food Networks. Six cases from Piedmont, Italy\u2019, Local Environment (Special Issue: Rescaling Sustainability), Vol. 19, No 6, pp. 626-643, 2015.<\/li>\n<li>Tartaglia M., \u201c<em>Pianificazione dei grandi eventi e strumenti di analisi della mobilit\u00e0. Firenze e gli eventi fieristici<\/em>\u201c, Rivista Geografica Italiana, 121, 2014, n. 1, pp. 21-44.<\/li>\n<li>Loda M., \u201c<em>Espacios P\u00fablicos, una aproximaci\u00f3n desde la geograf\u00eda urbana: i mercati storici<\/em>\u201c, Revista de Cultura y Ciencias Sociales \u00c1baco, n. 75, pp. 33-41.<\/li>\n<li>Loda M.(2015), \u201cTendenze demografiche e condizioni abitative nella Herat post-talebana\u201d,\u00a0<em>Geotema<\/em>, 48, pp. 127-136<\/li>\n<li>Aru S., \u201c<em>Ricerca empirica e problematica identitaria: la comunit\u00e0 italiana di Vancouver<\/em>\u201d, Geotema, 41, 2010, n. 2, pp. 9- 16.<\/li>\n<li>Barsotelli M., Sbardella S., \u201c<em>I dehors a Firenze. Un esercizio di geografia sociale<\/em>\u201d, Geotema, 41, 2010, n. 2, pp. 17- 22.<\/li>\n<li>Loda M., \u201c<em>L\u2019immagine di Firenze fra esperienza turistica e qualit\u00e0 urbana<\/em>\u201d, Rivista Geografica Italiana, 116, 2010, n. 2, pp. 289-326.<\/li>\n<\/ul>\n<p><strong>\u00a0Masterplans<\/strong><\/p>\n<ul>\n<li><a href=\"http:\/\/www.lages.eu\/wp-content\/uploads\/2018\/10\/SMP_BAMYIAN_INDEX.pdf\">LaGeS, Bamiyan Strategic Master Plan, Firenze, Polistampa, 2018<\/a><\/li>\n<li><a href=\"http:\/\/www.lages.eu\/wp-content\/uploads\/2022\/12\/Sustainable_Myanmar-PDF-DEFINITIVO.pdf\">LaGeS , Sustainable Destination Plan for the Ancient Cities of upper Myanmar (ACUM) Mandalay, Amarapura, Innwa, Sagaing, Mingun (2016-2021), Firenze, Polistampa, 2016.\u00a0<\/a><\/li>\n<li><a href=\"http:\/\/www.lages.eu\/wp-content\/uploads\/2016\/02\/Indice-da-Herat_District-9.pdf\">LaGeS, Herat District 9 Development Plan, Firenze, Polistampa, 2015.<\/a><\/li>\n<li><a href=\"http:\/\/www.lages.eu\/wp-content\/uploads\/2016\/02\/Indice-da-Herat-Sustainable.pdf\">LaGeS, Herat Sustainable Urban Mobility Plan, Firenze, Polistampa, 2015.<\/a><\/li>\n<li><a href=\"http:\/\/www.lages.eu\/wp-content\/uploads\/2017\/05\/Indice-da-Masterplan_Herat.pdf\">LaGeS, \u201c<em>Herat strategic Masterplan. A vision for the future<\/em>\u201c, Firenze, Polistampa, 2013<\/a><\/li>\n<\/ul>\n<p>&nbsp;<\/p>","protected":false},"excerpt":{"rendered":"<p>\u00a0Books Loda M., Abenante P., Cultural Heritage and Development in Fragile Contexts Learning from the Interventions of International Cooperation in Afghanistan and Neighboring Countries, Berlin, Springer, 2024 Loda M., Puttilli M., Tartaglia M., Il centro storico di Firenze nel dopo Covid 19, Quaderni di geografia sociale, 1, Laboratorio di Geografia Sociale \u2013 LaGeS, Universit\u00e0 di Firenze, Firenze, 2022. Forino G., Bonati S., Calandra L. , \u201cGovernance of risk, hazards and disasters: trends in theory and practice\u201d, Routledge, 2018 Puttilli M., \u2018Geografia delle fonti rinnovabili. Energia e territorio per un\u2019eco-ristrutturazione della societ\u00e0\u2019, Milano, Franco Angeli, 2014. Puttilli M., Giorda C. (a [&hellip;]<\/p>\n","protected":false},"author":1,"featured_media":0,"parent":0,"menu_order":7,"comment_status":"closed","ping_status":"closed","template":"","meta":{"footnotes":""},"class_list":["post-807","page","type-page","status-publish","hentry"],"_links":{"self":[{"href":"https:\/\/www.lages.eu\/en\/wp-json\/wp\/v2\/pages\/807","targetHints":{"allow":["GET"]}}],"collection":[{"href":"https:\/\/www.lages.eu\/en\/wp-json\/wp\/v2\/pages"}],"about":[{"href":"https:\/\/www.lages.eu\/en\/wp-json\/wp\/v2\/types\/page"}],"author":[{"embeddable":true,"href":"https:\/\/www.lages.eu\/en\/wp-json\/wp\/v2\/users\/1"}],"replies":[{"embeddable":true,"href":"https:\/\/www.lages.eu\/en\/wp-json\/wp\/v2\/comments?post=807"}],"version-history":[{"count":70,"href":"https:\/\/www.lages.eu\/en\/wp-json\/wp\/v2\/pages\/807\/revisions"}],"predecessor-version":[{"id":2323,"href":"https:\/\/www.lages.eu\/en\/wp-json\/wp\/v2\/pages\/807\/revisions\/2323"}],"wp:attachment":[{"href":"https:\/\/www.lages.eu\/en\/wp-json\/wp\/v2\/media?parent=807"}],"curies":[{"name":"wp","href":"https:\/\/api.w.org\/{rel}","templated":true}]}}